{"id":654,"date":"2022-12-21T14:16:44","date_gmt":"2022-12-21T13:16:44","guid":{"rendered":"https:\/\/www.revedenord.fr\/?page_id=654"},"modified":"2024-07-26T13:51:39","modified_gmt":"2024-07-26T11:51:39","slug":"elevage-linstinct-vrai","status":"publish","type":"page","link":"https:\/\/www.revedenord.fr\/index.php\/elevage-linstinct-vrai\/","title":{"rendered":"Elevage &lsquo;l&rsquo;instinct vrai&rsquo;"},"content":{"rendered":"\n<p>Sp\u00e9cialiste du chien nordique depuis 20 ans. Malamute, groenlandais.<\/p>\n\n\n\n<figure class=\"wp-block-image size-full\"><img loading=\"lazy\" decoding=\"async\" width=\"439\" height=\"439\" src=\"https:\/\/www.revedenord.fr\/wp-content\/uploads\/2022\/12\/0.jpg\" alt=\"\" class=\"wp-image-658\" srcset=\"https:\/\/www.revedenord.fr\/wp-content\/uploads\/2022\/12\/0.jpg 439w, https:\/\/www.revedenord.fr\/wp-content\/uploads\/2022\/12\/0-300x300.jpg 300w, https:\/\/www.revedenord.fr\/wp-content\/uploads\/2022\/12\/0-150x150.jpg 150w\" sizes=\"auto, (max-width: 439px) 85vw, 439px\" \/><\/figure>\n\n\n\n<p>Pour tout renseignement merci de me contacter, de pr\u00e9f\u00e9rence en soir\u00e9e. <\/p>\n\n\n\n<figure class=\"wp-block-image size-large\"><img loading=\"lazy\" decoding=\"async\" width=\"1024\" height=\"1024\" src=\"https:\/\/www.revedenord.fr\/wp-content\/uploads\/2023\/10\/image00006-1-1024x1024.jpeg\" alt=\"\" class=\"wp-image-732\" srcset=\"https:\/\/www.revedenord.fr\/wp-content\/uploads\/2023\/10\/image00006-1-1024x1024.jpeg 1024w, https:\/\/www.revedenord.fr\/wp-content\/uploads\/2023\/10\/image00006-1-300x300.jpeg 300w, https:\/\/www.revedenord.fr\/wp-content\/uploads\/2023\/10\/image00006-1-150x150.jpeg 150w, https:\/\/www.revedenord.fr\/wp-content\/uploads\/2023\/10\/image00006-1-768x768.jpeg 768w, https:\/\/www.revedenord.fr\/wp-content\/uploads\/2023\/10\/image00006-1-1536x1536.jpeg 1536w, https:\/\/www.revedenord.fr\/wp-content\/uploads\/2023\/10\/image00006-1-2048x2048.jpeg 2048w, https:\/\/www.revedenord.fr\/wp-content\/uploads\/2023\/10\/image00006-1-1200x1200.jpeg 1200w\" sizes=\"auto, (max-width: 709px) 85vw, (max-width: 909px) 67vw, (max-width: 1362px) 62vw, 840px\" \/><\/figure>\n\n\n\n<p>Chiot disponible a l&rsquo;adoption, puc\u00e9, vermifug\u00e9 avec certificat de bonne sant\u00e9 du v\u00e9t\u00e9rinaire  pour int\u00e9grer leur nouvelle famille! Type groenlandais-malamute.<\/p>\n\n\n\n<figure class=\"wp-block-gallery has-nested-images columns-default is-cropped wp-block-gallery-1 is-layout-flex wp-block-gallery-is-layout-flex\">\n<figure class=\"wp-block-image size-full\"><img loading=\"lazy\" decoding=\"async\" width=\"480\" height=\"388\" data-id=\"749\" src=\"https:\/\/www.revedenord.fr\/wp-content\/uploads\/2024\/05\/1209491946631852357.jpg\" alt=\"\" class=\"wp-image-749\" srcset=\"https:\/\/www.revedenord.fr\/wp-content\/uploads\/2024\/05\/1209491946631852357.jpg 480w, https:\/\/www.revedenord.fr\/wp-content\/uploads\/2024\/05\/1209491946631852357-300x243.jpg 300w\" sizes=\"auto, (max-width: 480px) 85vw, 480px\" \/><\/figure>\n<\/figure>\n\n\n\n<figure class=\"wp-block-image size-large\"><img loading=\"lazy\" decoding=\"async\" width=\"768\" height=\"1024\" src=\"https:\/\/www.revedenord.fr\/wp-content\/uploads\/2024\/05\/IMG_4932-1-768x1024.jpg\" alt=\"\" class=\"wp-image-763\" srcset=\"https:\/\/www.revedenord.fr\/wp-content\/uploads\/2024\/05\/IMG_4932-1-768x1024.jpg 768w, https:\/\/www.revedenord.fr\/wp-content\/uploads\/2024\/05\/IMG_4932-1-225x300.jpg 225w, https:\/\/www.revedenord.fr\/wp-content\/uploads\/2024\/05\/IMG_4932-1.jpg 907w\" sizes=\"auto, (max-width: 768px) 85vw, 768px\" \/><\/figure>\n","protected":false},"excerpt":{"rendered":"<p>Sp\u00e9cialiste du chien nordique depuis 20 ans. Malamute, groenlandais. Pour tout renseignement merci de me contacter, de pr\u00e9f\u00e9rence en soir\u00e9e. Chiot disponible a l&rsquo;adoption, puc\u00e9, vermifug\u00e9 avec certificat de bonne sant\u00e9 du v\u00e9t\u00e9rinaire pour int\u00e9grer leur nouvelle famille! Type groenlandais-malamute.<\/p>\n","protected":false},"author":1,"featured_media":0,"parent":0,"menu_order":0,"comment_status":"closed","ping_status":"closed","template":"","meta":{"footnotes":""},"class_list":["post-654","page","type-page","status-publish","hentry"],"_links":{"self":[{"href":"https:\/\/www.revedenord.fr\/index.php\/wp-json\/wp\/v2\/pages\/654","targetHints":{"allow":["GET"]}}],"collection":[{"href":"https:\/\/www.revedenord.fr\/index.php\/wp-json\/wp\/v2\/pages"}],"about":[{"href":"https:\/\/www.revedenord.fr\/index.php\/wp-json\/wp\/v2\/types\/page"}],"author":[{"embeddable":true,"href":"https:\/\/www.revedenord.fr\/index.php\/wp-json\/wp\/v2\/users\/1"}],"replies":[{"embeddable":true,"href":"https:\/\/www.revedenord.fr\/index.php\/wp-json\/wp\/v2\/comments?post=654"}],"version-history":[{"count":9,"href":"https:\/\/www.revedenord.fr\/index.php\/wp-json\/wp\/v2\/pages\/654\/revisions"}],"predecessor-version":[{"id":833,"href":"https:\/\/www.revedenord.fr\/index.php\/wp-json\/wp\/v2\/pages\/654\/revisions\/833"}],"wp:attachment":[{"href":"https:\/\/www.revedenord.fr\/index.php\/wp-json\/wp\/v2\/media?parent=654"}],"curies":[{"name":"wp","href":"https:\/\/api.w.org\/{rel}","templated":true}]}}