{"id":648,"date":"2022-12-21T14:09:19","date_gmt":"2022-12-21T13:09:19","guid":{"rendered":"https:\/\/www.revedenord.fr\/?page_id=648"},"modified":"2025-10-27T15:40:18","modified_gmt":"2025-10-27T14:40:18","slug":"location-gite-croc-blanc","status":"publish","type":"page","link":"https:\/\/www.revedenord.fr\/index.php\/location-gite-croc-blanc\/","title":{"rendered":"G\u00eete Croc blanc et roulotte Au temps qui cool"},"content":{"rendered":"\n<p><\/p>\n\n\n\n<p><a href=\"https:\/\/www.airbnb.fr\/rooms\/1333845934910061829?adults=2&amp;search_mode=regular_search&amp;check_in=2025-01-24&amp;check_out=2025-01-25&amp;source_impression_id=p3_1737025461_P3CWerfkJsqlRZ2C&amp;previous_page_section_name=1000&amp;federated_search_id=61ecb57d-7749-437a-a56d-4bf1eba570ee\">https:\/\/www.airbnb.fr\/rooms\/<\/a> La roulotte  Au temps qui cool<\/p>\n\n\n\n<p>Un moment hors du temps pour les amoureux de la nature. Appr\u00e9ciez le bain nodique chaud \u00e0 votre arriv\u00e9e.<\/p>\n\n\n\n<figure class=\"wp-block-image size-full\"><img loading=\"lazy\" decoding=\"async\" width=\"828\" height=\"978\" src=\"https:\/\/www.revedenord.fr\/wp-content\/uploads\/2025\/01\/IMG_6505.jpg\" alt=\"\" class=\"wp-image-881\" srcset=\"https:\/\/www.revedenord.fr\/wp-content\/uploads\/2025\/01\/IMG_6505.jpg 828w, https:\/\/www.revedenord.fr\/wp-content\/uploads\/2025\/01\/IMG_6505-254x300.jpg 254w, https:\/\/www.revedenord.fr\/wp-content\/uploads\/2025\/01\/IMG_6505-768x907.jpg 768w\" sizes=\"auto, (max-width: 828px) 85vw, 828px\" \/><figcaption class=\"wp-element-caption\">Screenshot<\/figcaption><\/figure>\n\n\n\n<p><\/p>\n\n\n\n<p><a href=\"https:\/\/www.booking.com\/hotel\/fr\/gite-croc-blanc.fr.html\">https:\/\/www.booking.com\/hotel\/fr\/gite-croc-blanc.fr.html<\/a><\/p>\n\n\n\n<p>Au coeur de la for\u00eat ,une petite maison \u00e9quip\u00e9e d&rsquo;une cuisine ouverte sur s\u00e9jour, po\u00eale a bois, salle d&rsquo;eau avec sauna, une terrasse avec vue sur le petit ballon et \u00e0 l&rsquo;\u00e9tage la chambre \u00e0 coucher (1 lit 140\/190 et 1 lit 90\/190)<\/p>\n\n\n\n<p>Nous r\u00e9alisons sur r\u00e9servation un massage d\u00e9tente bien \u00eatre \u00e0 l&rsquo;huile chaude harmonisation de l&rsquo;\u00eatre : Dur\u00e9e 1h15 70\u20ac.<\/p>\n\n\n\n<figure class=\"wp-block-image size-full\"><img loading=\"lazy\" decoding=\"async\" width=\"828\" height=\"983\" src=\"https:\/\/www.revedenord.fr\/wp-content\/uploads\/2025\/10\/IMG_7880-1.jpg\" alt=\"\" class=\"wp-image-980\" srcset=\"https:\/\/www.revedenord.fr\/wp-content\/uploads\/2025\/10\/IMG_7880-1.jpg 828w, https:\/\/www.revedenord.fr\/wp-content\/uploads\/2025\/10\/IMG_7880-1-253x300.jpg 253w, https:\/\/www.revedenord.fr\/wp-content\/uploads\/2025\/10\/IMG_7880-1-768x912.jpg 768w\" sizes=\"auto, (max-width: 828px) 85vw, 828px\" \/><figcaption class=\"wp-element-caption\">Screenshot<\/figcaption><\/figure>\n\n\n\n<div class=\"wp-block-cover has-custom-content-position is-position-top-left\"><img loading=\"lazy\" decoding=\"async\" width=\"480\" height=\"640\" class=\"wp-block-cover__image-background wp-image-842\" alt=\"\" src=\"https:\/\/www.revedenord.fr\/wp-content\/uploads\/2024\/09\/IMG_5390-rotated.jpg\" data-object-fit=\"cover\" srcset=\"https:\/\/www.revedenord.fr\/wp-content\/uploads\/2024\/09\/IMG_5390-rotated.jpg 480w, https:\/\/www.revedenord.fr\/wp-content\/uploads\/2024\/09\/IMG_5390-225x300.jpg 225w\" sizes=\"auto, (max-width: 480px) 85vw, 480px\" \/><span aria-hidden=\"true\" class=\"wp-block-cover__background has-background-dim\"><\/span><div class=\"wp-block-cover__inner-container is-layout-flow wp-block-cover-is-layout-flow\">\n<p class=\"has-text-align-center has-large-font-size\"><\/p>\n<\/div><\/div>\n","protected":false},"excerpt":{"rendered":"<p>https:\/\/www.airbnb.fr\/rooms\/ La roulotte Au temps qui cool Un moment hors du temps pour les amoureux de la nature. Appr\u00e9ciez le bain nodique chaud \u00e0 votre arriv\u00e9e. https:\/\/www.booking.com\/hotel\/fr\/gite-croc-blanc.fr.html Au coeur de la for\u00eat ,une petite maison \u00e9quip\u00e9e d&rsquo;une cuisine ouverte sur s\u00e9jour, po\u00eale a bois, salle d&rsquo;eau avec sauna, une terrasse avec vue sur le petit &hellip; <a href=\"https:\/\/www.revedenord.fr\/index.php\/location-gite-croc-blanc\/\" class=\"more-link\">Continuer la lecture<span class=\"screen-reader-text\"> de &laquo;&nbsp;G\u00eete Croc blanc et roulotte Au temps qui cool&nbsp;&raquo;<\/span><\/a><\/p>\n","protected":false},"author":1,"featured_media":0,"parent":0,"menu_order":0,"comment_status":"closed","ping_status":"closed","template":"","meta":{"footnotes":""},"class_list":["post-648","page","type-page","status-publish","hentry"],"_links":{"self":[{"href":"https:\/\/www.revedenord.fr\/index.php\/wp-json\/wp\/v2\/pages\/648","targetHints":{"allow":["GET"]}}],"collection":[{"href":"https:\/\/www.revedenord.fr\/index.php\/wp-json\/wp\/v2\/pages"}],"about":[{"href":"https:\/\/www.revedenord.fr\/index.php\/wp-json\/wp\/v2\/types\/page"}],"author":[{"embeddable":true,"href":"https:\/\/www.revedenord.fr\/index.php\/wp-json\/wp\/v2\/users\/1"}],"replies":[{"embeddable":true,"href":"https:\/\/www.revedenord.fr\/index.php\/wp-json\/wp\/v2\/comments?post=648"}],"version-history":[{"count":37,"href":"https:\/\/www.revedenord.fr\/index.php\/wp-json\/wp\/v2\/pages\/648\/revisions"}],"predecessor-version":[{"id":981,"href":"https:\/\/www.revedenord.fr\/index.php\/wp-json\/wp\/v2\/pages\/648\/revisions\/981"}],"wp:attachment":[{"href":"https:\/\/www.revedenord.fr\/index.php\/wp-json\/wp\/v2\/media?parent=648"}],"curies":[{"name":"wp","href":"https:\/\/api.w.org\/{rel}","templated":true}]}}