{"id":293,"date":"2017-10-31T14:01:50","date_gmt":"2017-10-31T13:01:50","guid":{"rendered":"http:\/\/revedenord.fr\/?page_id=293"},"modified":"2025-10-27T15:44:42","modified_gmt":"2025-10-27T14:44:42","slug":"tarifs","status":"publish","type":"page","link":"https:\/\/www.revedenord.fr\/index.php\/tarifs\/","title":{"rendered":"Prestations et tarifs:"},"content":{"rendered":"<p>\u00a0<\/p>\n<h1 style=\"text-align: center;\">3 formules au choix sur r\u00e9servation:<\/h1>\n<h2 style=\"text-align: center;\"><strong><span style=\"color: #ff0000;\">Poids total max : 190kg\u00a0 \u00a0Pas de triche !! pensez au chiens&#8230;<\/span><\/strong><\/h2>\n<h2 style=\"text-align: center;\"><strong><span class=\"text_exposed_show\" style=\"color: #3366ff;\">\u00a0\u00ab\u00a0Aventure\u00a0\u00bb<\/span><\/strong><\/h2>\n<p style=\"text-align: center;\"><strong><span class=\"text_exposed_show\" style=\"color: #3366ff;\">2 adultes, ou 2 adultes et 1 enfant (-10 ans)\u00a0\u00a0<\/span><\/strong><\/p>\n<p style=\"text-align: center;\"><span style=\"color: #000000;\">\u00a0Pr\u00e9sentation de meute + balade dans le tra\u00eeneau ou dans le Nordikart +d\u00e9briefing ( dur\u00e9e totale de la prestation env : 2h15)<\/span><\/p>\n<ul>\n<li style=\"text-align: left;\"><span style=\"color: #ff6600;\">Tarif: 32<strong>0,00\u20ac TTC<\/strong>\u00a0 ( 2 adultes)<\/span><\/li>\n<li><span style=\"color: #ff6600;\">Tarif : 400<strong>, 00 TTC<\/strong> ( 2 adultes et\u00a0\u00a0<strong><span style=\"color: #ff0000;\">1 enfant de moins de 10 ans<\/span><\/strong>)<\/span><\/li>\n<\/ul>\n<h3><strong><span class=\"text_exposed_show\" style=\"color: #3366ff;\">\u00a0 \u00a0 \u00a0 \u00a0 \u00a0 \u00a0 \u00a0 \u00a0 \u00a0 \u00a0 \u00a0 \u00a0 \u00a0 \u00a0 \u00a0 \u00a0 \u00a0 \u00a0 \u00a0 \u00a0 \u00a0 \u00a0\u00ab\u00a0DECOUVERTE\u00a0\u00bb<\/span><\/strong><\/h3>\n<ul>\n<li style=\"text-align: center;\"><strong><span class=\"text_exposed_show\" style=\"color: #3366ff;\">2 adultes, ou 2 adultes et 1 enfant (-10 ans) <\/span><\/strong><span style=\"color: #000000;\">dur\u00e9e totale de la prestation env 1 heure, inclus 40 mn de balade avec les chiens<\/span><\/li>\n<li style=\"text-align: left;\"><span style=\"color: #ff6600;\">Tarif: 180<strong>,00\u20ac TTC<\/strong>\u00a0 ( 2 adultes)<\/span><\/li>\n<li><span style=\"color: #ff6600;\">Tarif : 230<strong>, 00 TTC<\/strong> ( 2 adultes et\u00a0\u00a0<strong><span style=\"color: #ff0000;\">1 enfant de moins de 10 ans)<\/span><\/strong><\/span><\/li>\n<\/ul>\n<h2 style=\"text-align: center;\"><strong><span class=\"text_exposed_show\" style=\"color: #3366ff;\">\u00ab\u00a0Bapt\u00e8me\u00a0\u00bb<\/span><\/strong><\/h2>\n<ul>\n<li style=\"text-align: center;\"><strong><span class=\"text_exposed_show\" style=\"color: #3366ff;\">2 adultes, ou 2 adultes et 1 enfant (-10 ans) <\/span><\/strong><span style=\"color: #000000;\">dur\u00e9e totale de la prestation env 40mn, inclus 20mn de balade avec les chiens<\/span><\/li>\n<li style=\"text-align: left;\"><span style=\"color: #ff6600;\">Tarif: 100<strong>,00\u20ac TTC<\/strong>\u00a0 ( 2 adultes)<\/span><\/li>\n<li><span style=\"color: #ff6600;\">Tarif : 130<strong>, 00 TTC<\/strong> ( 2 adultes et\u00a0\u00a0<strong><span style=\"color: #ff0000;\">1 enfant de moins de 10 ans)<\/span><\/strong><\/span><\/li>\n<\/ul>\n<p>R\u00e9alisation des sorties hors neige en Nordikart au d\u00e9part de R\u00eave de nord R\u00e9alisation des sorties sur neige au d\u00e9part du col du Platzerwasel.<\/p>\n<hr \/>\n<h2 style=\"text-align: center;\"><strong><span class=\"text_exposed_show\" style=\"color: #3366ff;\">Formule pour les structures accueillant des personnes handicaps (physique ou mental)<\/span><\/strong><\/h2>\n<h6 style=\"text-align: center;\"><span style=\"color: #000000;\">D\u00e9couverte en nordikart ou traineau\u00a0<\/span><\/h6>\n<ul>\n<li><span style=\"color: #ff6600;\">Tarif: 40<strong>,00\u20ac TTC\/pers<\/strong>\u00a0 (\u00e0 partir de 6 personnes)<\/span><\/li>\n<\/ul>\n<h2 style=\"text-align: center;\"><strong><span class=\"text_exposed_show\" style=\"color: #3366ff;\">Formule colonnie de vacances, Comit\u00e9 d&rsquo;entreprise, \u00e9venementiel (mariage,enterrement vie de jeune fille ou gar\u00e7on, team bulding&#8230;)<span style=\"color: #ff6600; font-size: revert;\">\u00a0 <\/span><\/span><\/strong><\/h2>\n<h3 style=\"text-align: center;\"><strong><span class=\"text_exposed_show\" style=\"color: #3366ff;\"><span style=\"color: #ff6600; font-size: revert;\">\u00a0Tarif personalis\u00e9 sur demande<\/span><\/span><\/strong><\/h3>\n<p><img loading=\"lazy\" decoding=\"async\" class=\" wp-image-814 aligncenter\" src=\"https:\/\/www.revedenord.fr\/wp-content\/uploads\/2024\/06\/IMG_5177-225x300.jpg\" alt=\"\" width=\"289\" height=\"386\" srcset=\"https:\/\/www.revedenord.fr\/wp-content\/uploads\/2024\/06\/IMG_5177-225x300.jpg 225w, https:\/\/www.revedenord.fr\/wp-content\/uploads\/2024\/06\/IMG_5177-rotated.jpg 480w\" sizes=\"auto, (max-width: 289px) 85vw, 289px\" \/><img loading=\"lazy\" decoding=\"async\" class=\" wp-image-770 aligncenter\" src=\"https:\/\/www.revedenord.fr\/wp-content\/uploads\/2024\/05\/IMG_4522-3-225x300.jpg\" alt=\"\" width=\"275\" height=\"366\" srcset=\"https:\/\/www.revedenord.fr\/wp-content\/uploads\/2024\/05\/IMG_4522-3-225x300.jpg 225w, https:\/\/www.revedenord.fr\/wp-content\/uploads\/2024\/05\/IMG_4522-3-rotated.jpg 240w\" sizes=\"auto, (max-width: 275px) 85vw, 275px\" \/><span style=\"color: #ff6600; font-size: revert;\">\u00a0 \u00a0 \u00a0 \u00a0 \u00a0 \u00a0 \u00a0 \u00a0 \u00a0 \u00a0 \u00a0 \u00a0 \u00a0 \u00a0 \u00a0 \u00a0 \u00a0 \u00a0 \u00a0 \u00a0 \u00a0 \u00a0 \u00a0 \u00a0\u00a0<\/span><\/p>\n<p><img loading=\"lazy\" decoding=\"async\" class=\"wp-image-531 aligncenter\" src=\"http:\/\/revedenord.fr\/wp-content\/uploads\/2020\/07\/kart.jpg\" alt=\"\" width=\"433\" height=\"325\" srcset=\"https:\/\/www.revedenord.fr\/wp-content\/uploads\/2020\/07\/kart.jpg 480w, https:\/\/www.revedenord.fr\/wp-content\/uploads\/2020\/07\/kart-300x225.jpg 300w\" sizes=\"auto, (max-width: 433px) 85vw, 433px\" \/><\/p>\n<h5><span class=\"_5yl5\" style=\"color: #000000;\"><br \/><\/span><span class=\"text_exposed_show\" style=\"color: #000000;\">Pour plus d&rsquo;informations,<a href=\"http:\/\/revedenord.fr\/index.php\/contact\/\"> contactez nous<\/a><br \/><\/span><\/h5>\n<p><span style=\"border-radius: 2px; text-indent: 20px; width: auto; padding: 0px 4px 0px 0px; text-align: center; font: bold 11px\/20px 'Helvetica Neue',Helvetica,sans-serif; color: #ffffff; background: #bd081c no-repeat scroll 3px 50% \/ 14px 14px; position: absolute; opacity: 1; z-index: 8675309; display: none; cursor: pointer; top: 617px; left: 50px;\">Enregistrer<\/span><\/p>\n<p><span style=\"border-radius: 2px; text-indent: 20px; width: auto; padding: 0px 4px 0px 0px; text-align: center; font: bold 11px\/20px 'Helvetica Neue',Helvetica,sans-serif; color: #ffffff; background: #bd081c no-repeat scroll 3px 50% \/ 14px 14px; position: absolute; opacity: 1; z-index: 8675309; display: none; cursor: pointer;\">Enregistrer<\/span><\/p>\n<p><span style=\"border-radius: 2px; text-indent: 20px; width: auto; padding: 0px 4px 0px 0px; text-align: center; font: bold 11px\/20px 'Helvetica Neue',Helvetica,sans-serif; color: #ffffff; background: #bd081c no-repeat scroll 3px 50% \/ 14px 14px; position: absolute; opacity: 1; z-index: 8675309; display: none; cursor: pointer; top: 589px; left: 50px;\">Enregistrer<\/span><\/p>\n<p><span style=\"border-radius: 2px; text-indent: 20px; width: auto; padding: 0px 4px 0px 0px; text-align: center; font: bold 11px\/20px 'Helvetica Neue',Helvetica,sans-serif; color: #ffffff; background: #bd081c  no-repeat scroll 3px 50% \/ 14px 14px; position: absolute; opacity: 1; z-index: 8675309; display: none; cursor: pointer;\">Enregistrer<\/span><\/p>\n\n\n<figure class=\"wp-block-image size-large\"><img loading=\"lazy\" decoding=\"async\" width=\"1024\" height=\"683\" src=\"https:\/\/www.revedenord.fr\/wp-content\/uploads\/2023\/08\/IMG_8553-1024x683.jpg\" alt=\"\" class=\"wp-image-687\" srcset=\"https:\/\/www.revedenord.fr\/wp-content\/uploads\/2023\/08\/IMG_8553-1024x683.jpg 1024w, https:\/\/www.revedenord.fr\/wp-content\/uploads\/2023\/08\/IMG_8553-300x200.jpg 300w, https:\/\/www.revedenord.fr\/wp-content\/uploads\/2023\/08\/IMG_8553-768x512.jpg 768w, https:\/\/www.revedenord.fr\/wp-content\/uploads\/2023\/08\/IMG_8553-1536x1024.jpg 1536w, https:\/\/www.revedenord.fr\/wp-content\/uploads\/2023\/08\/IMG_8553-2048x1365.jpg 2048w, https:\/\/www.revedenord.fr\/wp-content\/uploads\/2023\/08\/IMG_8553-1200x800.jpg 1200w\" sizes=\"auto, (max-width: 709px) 85vw, (max-width: 909px) 67vw, (max-width: 1362px) 62vw, 840px\" \/><\/figure>\n\n\n\n<figure class=\"wp-block-image size-large\"><img loading=\"lazy\" decoding=\"async\" width=\"1024\" height=\"768\" src=\"https:\/\/www.revedenord.fr\/wp-content\/uploads\/2023\/08\/IMG_20230212_173738_805-1024x768.jpg\" alt=\"\" class=\"wp-image-689\" srcset=\"https:\/\/www.revedenord.fr\/wp-content\/uploads\/2023\/08\/IMG_20230212_173738_805-1024x768.jpg 1024w, https:\/\/www.revedenord.fr\/wp-content\/uploads\/2023\/08\/IMG_20230212_173738_805-300x225.jpg 300w, https:\/\/www.revedenord.fr\/wp-content\/uploads\/2023\/08\/IMG_20230212_173738_805-768x576.jpg 768w, https:\/\/www.revedenord.fr\/wp-content\/uploads\/2023\/08\/IMG_20230212_173738_805-1536x1152.jpg 1536w, https:\/\/www.revedenord.fr\/wp-content\/uploads\/2023\/08\/IMG_20230212_173738_805-2048x1536.jpg 2048w, https:\/\/www.revedenord.fr\/wp-content\/uploads\/2023\/08\/IMG_20230212_173738_805-1200x900.jpg 1200w\" sizes=\"auto, (max-width: 709px) 85vw, (max-width: 909px) 67vw, (max-width: 1362px) 62vw, 840px\" \/><\/figure>\n\n\n\n<figure class=\"wp-block-image size-large\"><img loading=\"lazy\" decoding=\"async\" width=\"1024\" height=\"768\" src=\"https:\/\/www.revedenord.fr\/wp-content\/uploads\/2023\/08\/IMG_20230207_103040_323-1024x768.jpg\" alt=\"\" class=\"wp-image-693\" srcset=\"https:\/\/www.revedenord.fr\/wp-content\/uploads\/2023\/08\/IMG_20230207_103040_323-1024x768.jpg 1024w, https:\/\/www.revedenord.fr\/wp-content\/uploads\/2023\/08\/IMG_20230207_103040_323-300x225.jpg 300w, https:\/\/www.revedenord.fr\/wp-content\/uploads\/2023\/08\/IMG_20230207_103040_323-768x576.jpg 768w, https:\/\/www.revedenord.fr\/wp-content\/uploads\/2023\/08\/IMG_20230207_103040_323-1536x1152.jpg 1536w, https:\/\/www.revedenord.fr\/wp-content\/uploads\/2023\/08\/IMG_20230207_103040_323-2048x1536.jpg 2048w, https:\/\/www.revedenord.fr\/wp-content\/uploads\/2023\/08\/IMG_20230207_103040_323-1200x900.jpg 1200w\" sizes=\"auto, (max-width: 709px) 85vw, (max-width: 909px) 67vw, (max-width: 1362px) 62vw, 840px\" \/><\/figure>\n\n\n\n<figure class=\"wp-block-image size-large\"><img loading=\"lazy\" decoding=\"async\" width=\"683\" height=\"1024\" src=\"https:\/\/www.revedenord.fr\/wp-content\/uploads\/2023\/08\/en-pleine-course-2-683x1024.jpg\" alt=\"\" class=\"wp-image-695\" srcset=\"https:\/\/www.revedenord.fr\/wp-content\/uploads\/2023\/08\/en-pleine-course-2-683x1024.jpg 683w, https:\/\/www.revedenord.fr\/wp-content\/uploads\/2023\/08\/en-pleine-course-2-200x300.jpg 200w, https:\/\/www.revedenord.fr\/wp-content\/uploads\/2023\/08\/en-pleine-course-2-768x1152.jpg 768w, https:\/\/www.revedenord.fr\/wp-content\/uploads\/2023\/08\/en-pleine-course-2-1024x1536.jpg 1024w, https:\/\/www.revedenord.fr\/wp-content\/uploads\/2023\/08\/en-pleine-course-2-1365x2048.jpg 1365w, https:\/\/www.revedenord.fr\/wp-content\/uploads\/2023\/08\/en-pleine-course-2-1200x1800.jpg 1200w, https:\/\/www.revedenord.fr\/wp-content\/uploads\/2023\/08\/en-pleine-course-2-scaled.jpg 1707w\" sizes=\"auto, (max-width: 683px) 85vw, 683px\" \/><\/figure>\n\n\n\n<figure class=\"wp-block-image size-full\"><img loading=\"lazy\" decoding=\"async\" width=\"640\" height=\"472\" src=\"https:\/\/www.revedenord.fr\/wp-content\/uploads\/2024\/06\/IMG_5187.jpg\" alt=\"\" class=\"wp-image-815\" srcset=\"https:\/\/www.revedenord.fr\/wp-content\/uploads\/2024\/06\/IMG_5187.jpg 640w, https:\/\/www.revedenord.fr\/wp-content\/uploads\/2024\/06\/IMG_5187-300x221.jpg 300w\" sizes=\"auto, (max-width: 640px) 85vw, 640px\" \/><\/figure>\n","protected":false},"excerpt":{"rendered":"<p>\u00a0 3 formules au choix sur r\u00e9servation: Poids total max : 190kg\u00a0 \u00a0Pas de triche !! pensez au chiens&#8230; \u00a0\u00ab\u00a0Aventure\u00a0\u00bb 2 adultes, ou 2 adultes et 1 enfant (-10 ans)\u00a0\u00a0 \u00a0Pr\u00e9sentation de meute + balade dans le tra\u00eeneau ou dans le Nordikart +d\u00e9briefing ( dur\u00e9e totale de la prestation env : 2h15) Tarif: 320,00\u20ac TTC\u00a0 &hellip; <a href=\"https:\/\/www.revedenord.fr\/index.php\/tarifs\/\" class=\"more-link\">Continuer la lecture<span class=\"screen-reader-text\"> de &laquo;&nbsp;Prestations et tarifs:&nbsp;&raquo;<\/span><\/a><\/p>\n","protected":false},"author":1,"featured_media":0,"parent":0,"menu_order":0,"comment_status":"closed","ping_status":"closed","template":"","meta":{"footnotes":""},"class_list":["post-293","page","type-page","status-publish","hentry"],"_links":{"self":[{"href":"https:\/\/www.revedenord.fr\/index.php\/wp-json\/wp\/v2\/pages\/293","targetHints":{"allow":["GET"]}}],"collection":[{"href":"https:\/\/www.revedenord.fr\/index.php\/wp-json\/wp\/v2\/pages"}],"about":[{"href":"https:\/\/www.revedenord.fr\/index.php\/wp-json\/wp\/v2\/types\/page"}],"author":[{"embeddable":true,"href":"https:\/\/www.revedenord.fr\/index.php\/wp-json\/wp\/v2\/users\/1"}],"replies":[{"embeddable":true,"href":"https:\/\/www.revedenord.fr\/index.php\/wp-json\/wp\/v2\/comments?post=293"}],"version-history":[{"count":80,"href":"https:\/\/www.revedenord.fr\/index.php\/wp-json\/wp\/v2\/pages\/293\/revisions"}],"predecessor-version":[{"id":982,"href":"https:\/\/www.revedenord.fr\/index.php\/wp-json\/wp\/v2\/pages\/293\/revisions\/982"}],"wp:attachment":[{"href":"https:\/\/www.revedenord.fr\/index.php\/wp-json\/wp\/v2\/media?parent=293"}],"curies":[{"name":"wp","href":"https:\/\/api.w.org\/{rel}","templated":true}]}}