{"id":213,"date":"2015-06-14T07:26:07","date_gmt":"2015-06-14T05:26:07","guid":{"rendered":"http:\/\/accesspressthemes.com\/import\/accesspress-mag-pro\/?page_id=9"},"modified":"2025-10-05T14:21:20","modified_gmt":"2025-10-05T12:21:20","slug":"home","status":"publish","type":"page","link":"https:\/\/www.revedenord.fr\/","title":{"rendered":"Bienvenue sur R\u00eave de Nord"},"content":{"rendered":"\n<figure class=\"wp-block-image size-large\"><img loading=\"lazy\" decoding=\"async\" width=\"1024\" height=\"683\" src=\"https:\/\/www.revedenord.fr\/wp-content\/uploads\/2020\/07\/dernier-trappeur-5-1-1024x683.jpg\" alt=\"\" class=\"wp-image-516\" srcset=\"https:\/\/www.revedenord.fr\/wp-content\/uploads\/2020\/07\/dernier-trappeur-5-1-1024x683.jpg 1024w, https:\/\/www.revedenord.fr\/wp-content\/uploads\/2020\/07\/dernier-trappeur-5-1-300x200.jpg 300w, https:\/\/www.revedenord.fr\/wp-content\/uploads\/2020\/07\/dernier-trappeur-5-1-768x512.jpg 768w, https:\/\/www.revedenord.fr\/wp-content\/uploads\/2020\/07\/dernier-trappeur-5-1-1200x800.jpg 1200w\" sizes=\"auto, (max-width: 709px) 85vw, (max-width: 909px) 67vw, (max-width: 1362px) 62vw, 840px\" \/><\/figure>\n\n\n\n<p class=\"has-text-align-center has-x-large-font-size\" style=\"line-height:1.9\">Chiens de tra\u00eeneau en Alsace <\/p>\n\n\n\n<p><\/p>\n\n\n\n<p><\/p>\n\n\n\n<p><\/p>\n\n\n\n<p><\/p>\n\n\n<blockquote>\n<p><span style=\"color: #000000;\"><strong>\u00a0 \u00a0 Fort d&rsquo;une <span style=\"color: #008000;\">exp\u00e9rience de 20 ans <\/span>dans le domaine du mushing sur les Cr\u00eates Vosgiennes; nous proposons des sorties en \u00ab\u00a0Nordikart\u00a0\u00bb (hors neige ) ou en\u00a0 Tra\u00eeneau ( avec neige ) tir\u00e9 par nos chiens nordiques !\u00a0<\/strong><\/span><\/p>\n<p><span style=\"color: #000000;\"><strong>\u00a0 \u00a0Un petit bout d&rsquo;aventure s&rsquo;offre \u00e0 vous, lov\u00e9 au creux de la for\u00eat, berc\u00e9s par le hal\u00e8tement des chiens et les magnifiques paysages qui d\u00e9fillent&#8230;<span style=\"color: #000000;\"> Un<\/span> moment hors du temps&#8230;<\/strong><\/span><\/p>\n<\/blockquote>\n<div style=\"width: 840px;\" class=\"wp-video\"><video class=\"wp-video-shortcode\" id=\"video-213-1\" width=\"840\" height=\"472\" autoplay preload=\"auto\" controls=\"controls\"><source type=\"video\/mp4\" src=\"https:\/\/www.revedenord.fr\/wp-content\/uploads\/2024\/06\/Reve_Nord.mp4?_=1\" \/><a href=\"https:\/\/www.revedenord.fr\/wp-content\/uploads\/2024\/06\/Reve_Nord.mp4\">https:\/\/www.revedenord.fr\/wp-content\/uploads\/2024\/06\/Reve_Nord.mp4<\/a><\/video><\/div>\n<h2 style=\"text-align: center;\"><span style=\"color: #008000;\">***Venez vivre une exp\u00e9rience unique en Alsace !***<\/span><\/h2>\n<p style=\"text-align: center;\"><span style=\"color: #000000;\">Nous proposons des sorties <strong>Automne, Hiver, Printemps,<\/strong> r\u00e9servez vite la v\u00f4tre.<\/span><\/p>\n<p><span style=\"color: #000000;\"> Retrouvez nous dans la belle vall\u00e9e de Munster (Grand Est , <strong>France)<\/strong><\/span><\/p>\n<p><img loading=\"lazy\" decoding=\"async\" class=\"alignnone wp-image-405\" src=\"http:\/\/revedenord.fr\/wp-content\/uploads\/2015\/06\/Untitled-design24.png\" alt=\"\" width=\"880\" height=\"737\" srcset=\"https:\/\/www.revedenord.fr\/wp-content\/uploads\/2015\/06\/Untitled-design24.png 940w, https:\/\/www.revedenord.fr\/wp-content\/uploads\/2015\/06\/Untitled-design24-300x251.png 300w, https:\/\/www.revedenord.fr\/wp-content\/uploads\/2015\/06\/Untitled-design24-768x644.png 768w\" sizes=\"auto, (max-width: 709px) 85vw, (max-width: 909px) 67vw, (max-width: 1362px) 62vw, 840px\" \/><\/p>\n<p><img loading=\"lazy\" decoding=\"async\" class=\"alignnone  wp-image-515\" src=\"http:\/\/revedenord.fr\/wp-content\/uploads\/2020\/07\/BEN7641.jpg\" alt=\"\" width=\"264\" height=\"176\" srcset=\"https:\/\/www.revedenord.fr\/wp-content\/uploads\/2020\/07\/BEN7641.jpg 1000w, https:\/\/www.revedenord.fr\/wp-content\/uploads\/2020\/07\/BEN7641-300x200.jpg 300w, https:\/\/www.revedenord.fr\/wp-content\/uploads\/2020\/07\/BEN7641-768x511.jpg 768w\" sizes=\"auto, (max-width: 264px) 85vw, 264px\" \/>\u00a0 \u00a0 \u00a0 \u00a0<img loading=\"lazy\" decoding=\"async\" class=\"alignnone  wp-image-351\" src=\"http:\/\/revedenord.fr\/wp-content\/uploads\/2017\/10\/23269868_1740943755924692_1418890218_o.jpg\" alt=\"\" width=\"254\" height=\"169\" srcset=\"https:\/\/www.revedenord.fr\/wp-content\/uploads\/2017\/10\/23269868_1740943755924692_1418890218_o.jpg 1000w, https:\/\/www.revedenord.fr\/wp-content\/uploads\/2017\/10\/23269868_1740943755924692_1418890218_o-300x200.jpg 300w, https:\/\/www.revedenord.fr\/wp-content\/uploads\/2017\/10\/23269868_1740943755924692_1418890218_o-768x511.jpg 768w\" sizes=\"auto, (max-width: 254px) 85vw, 254px\" \/><\/p>\n<p><img loading=\"lazy\" decoding=\"async\" class=\"alignnone  wp-image-511\" src=\"http:\/\/revedenord.fr\/wp-content\/uploads\/2020\/07\/BEN5483.jpg\" alt=\"\" width=\"255\" height=\"170\" srcset=\"https:\/\/www.revedenord.fr\/wp-content\/uploads\/2020\/07\/BEN5483.jpg 1000w, https:\/\/www.revedenord.fr\/wp-content\/uploads\/2020\/07\/BEN5483-300x200.jpg 300w, https:\/\/www.revedenord.fr\/wp-content\/uploads\/2020\/07\/BEN5483-768x511.jpg 768w\" sizes=\"auto, (max-width: 255px) 85vw, 255px\" \/>\u00a0 \u00a0<img loading=\"lazy\" decoding=\"async\" class=\"alignnone  wp-image-324\" src=\"http:\/\/revedenord.fr\/wp-content\/uploads\/2017\/10\/traineau_caresse.jpeg\" alt=\"\" width=\"253\" height=\"142\" srcset=\"https:\/\/www.revedenord.fr\/wp-content\/uploads\/2017\/10\/traineau_caresse.jpeg 800w, https:\/\/www.revedenord.fr\/wp-content\/uploads\/2017\/10\/traineau_caresse-300x169.jpeg 300w, https:\/\/www.revedenord.fr\/wp-content\/uploads\/2017\/10\/traineau_caresse-768x432.jpeg 768w\" sizes=\"auto, (max-width: 253px) 85vw, 253px\" \/><\/p>\n<h1 style=\"text-align: center;\">\u00a0<\/h1>","protected":false},"excerpt":{"rendered":"<p>Chiens de tra\u00eeneau en Alsace \u00a0 \u00a0 Fort d&rsquo;une exp\u00e9rience de 20 ans dans le domaine du mushing sur les Cr\u00eates Vosgiennes; nous proposons des sorties en \u00ab\u00a0Nordikart\u00a0\u00bb (hors neige ) ou en\u00a0 Tra\u00eeneau ( avec neige ) tir\u00e9 par nos chiens nordiques !\u00a0 \u00a0 \u00a0Un petit bout d&rsquo;aventure s&rsquo;offre \u00e0 vous, lov\u00e9 au creux &hellip; <a href=\"https:\/\/www.revedenord.fr\/\" class=\"more-link\">Continuer la lecture<span class=\"screen-reader-text\"> de &laquo;&nbsp;Bienvenue sur R\u00eave de Nord&nbsp;&raquo;<\/span><\/a><\/p>\n","protected":false},"author":1,"featured_media":0,"parent":0,"menu_order":0,"comment_status":"closed","ping_status":"closed","template":"","meta":{"footnotes":""},"class_list":["post-213","page","type-page","status-publish","hentry"],"_links":{"self":[{"href":"https:\/\/www.revedenord.fr\/index.php\/wp-json\/wp\/v2\/pages\/213","targetHints":{"allow":["GET"]}}],"collection":[{"href":"https:\/\/www.revedenord.fr\/index.php\/wp-json\/wp\/v2\/pages"}],"about":[{"href":"https:\/\/www.revedenord.fr\/index.php\/wp-json\/wp\/v2\/types\/page"}],"author":[{"embeddable":true,"href":"https:\/\/www.revedenord.fr\/index.php\/wp-json\/wp\/v2\/users\/1"}],"replies":[{"embeddable":true,"href":"https:\/\/www.revedenord.fr\/index.php\/wp-json\/wp\/v2\/comments?post=213"}],"version-history":[{"count":97,"href":"https:\/\/www.revedenord.fr\/index.php\/wp-json\/wp\/v2\/pages\/213\/revisions"}],"predecessor-version":[{"id":970,"href":"https:\/\/www.revedenord.fr\/index.php\/wp-json\/wp\/v2\/pages\/213\/revisions\/970"}],"wp:attachment":[{"href":"https:\/\/www.revedenord.fr\/index.php\/wp-json\/wp\/v2\/media?parent=213"}],"curies":[{"name":"wp","href":"https:\/\/api.w.org\/{rel}","templated":true}]}}